{"id":1136,"date":"2026-03-24T11:24:33","date_gmt":"2026-03-24T10:24:33","guid":{"rendered":"https:\/\/landix-immobilien.de\/home\/?page_id=1136"},"modified":"2026-03-31T17:34:42","modified_gmt":"2026-03-31T15:34:42","slug":"profil","status":"publish","type":"page","link":"https:\/\/landix-immobilien.de\/home\/profil\/","title":{"rendered":"Profil"},"content":{"rendered":"\n<div style=\"height:57px\" aria-hidden=\"true\" class=\"wp-block-spacer\"><\/div>\n\n\n\n<div class=\"wp-block-columns alignwide is-layout-flex wp-container-core-columns-is-layout-9d6595d7 wp-block-columns-is-layout-flex\">\n<div class=\"wp-block-column is-layout-flow wp-block-column-is-layout-flow\">\n<h2 class=\"wp-block-heading has-text-align-center has-nv-dark-bg-color has-text-color has-link-color wp-elements-ed5d05d386e18e63dd07d701992d9152\">Profil<\/h2>\n\n\n<div class=\"wp-block-image\">\n<figure class=\"aligncenter size-large is-resized has-custom-border\"><img loading=\"lazy\" decoding=\"async\" width=\"683\" height=\"1024\" src=\"https:\/\/landix-immobilien.de\/wp-content\/uploads\/2026\/03\/Landix_Immo_03-683x1024.jpg\" alt=\"\" class=\"has-border-color has-neve-link-color-border-color wp-image-599\" style=\"border-width:4px;aspect-ratio:0.6669856246383906;width:334px;height:auto\" srcset=\"https:\/\/landix-immobilien.de\/wp-content\/uploads\/2026\/03\/Landix_Immo_03-683x1024.jpg 683w, https:\/\/landix-immobilien.de\/wp-content\/uploads\/2026\/03\/Landix_Immo_03-200x300.jpg 200w, https:\/\/landix-immobilien.de\/wp-content\/uploads\/2026\/03\/Landix_Immo_03-768x1152.jpg 768w, https:\/\/landix-immobilien.de\/wp-content\/uploads\/2026\/03\/Landix_Immo_03-1024x1536.jpg 1024w, https:\/\/landix-immobilien.de\/wp-content\/uploads\/2026\/03\/Landix_Immo_03-1365x2048.jpg 1365w, https:\/\/landix-immobilien.de\/wp-content\/uploads\/2026\/03\/Landix_Immo_03-scaled.jpg 1706w\" sizes=\"auto, (max-width: 683px) 100vw, 683px\" \/><\/figure>\n<\/div>\n\n\n<div style=\"height:10px\" aria-hidden=\"true\" class=\"wp-block-spacer\"><\/div>\n\n\n\n<div class=\"wp-block-buttons is-content-justification-center is-layout-flex wp-container-core-buttons-is-layout-16018d1d wp-block-buttons-is-layout-flex\">\n<div class=\"wp-block-button is-style-primary\"><a class=\"wp-block-button__link wp-element-button\" href=\"https:\/\/wa.me\/4917614876660?text=Hallo!%20Ich%20w\u00fcrde%20mich%20gerne%20unverbindlich%20informieren%20und%20freue%20mich%20\u00fcber%20eine%20R\u00fcckmeldung.\">Jetzt per WhatsApp schreiben<\/a><\/div>\n<\/div>\n\n\n\n<div style=\"height:10px\" aria-hidden=\"true\" class=\"wp-block-spacer\"><\/div>\n\n\n\n<div class=\"wp-block-buttons is-content-justification-center is-layout-flex wp-container-core-buttons-is-layout-16018d1d wp-block-buttons-is-layout-flex\">\n<div class=\"wp-block-button is-style-primary\"><a class=\"wp-block-button__link wp-element-button\" href=\"mailto:aguenther@landix-immobilien.de\">Oder per Email schreiben<\/a><\/div>\n<\/div>\n\n\n\n<div style=\"height:10px\" aria-hidden=\"true\" class=\"wp-block-spacer\"><\/div>\n\n\n\n<div class=\"wp-block-buttons is-content-justification-center is-layout-flex wp-container-core-buttons-is-layout-16018d1d wp-block-buttons-is-layout-flex\">\n<div class=\"wp-block-button is-style-primary\"><a class=\"wp-block-button__link has-text-align-center wp-element-button\" href=\"tel:+495923994030\">Oder einfach anrufen<\/a><\/div>\n<\/div>\n<\/div>\n\n\n\n<div class=\"wp-block-column is-layout-flow wp-block-column-is-layout-flow\">\n<h2 class=\"wp-block-heading has-text-align-center has-nv-dark-bg-color has-text-color has-link-color wp-elements-5d53618656fb6f45f5c8271bfb16a4b4\">Andreas G\u00fcnther<\/h2>\n\n\n\n<h3 class=\"wp-block-heading has-nv-dark-bg-color has-text-color has-link-color wp-elements-cc5b634403880c19d2c4f475078f3f88\">Qualifikation<\/h3>\n\n\n\n<ul class=\"wp-block-list\">\n<li class=\"has-nv-dark-bg-color has-text-color has-link-color wp-elements-184693e4e78c2aa62e4b40fd6605a689\">Zertifizierter Immobilienwertermittler \u00b7 Zertifizierter Immobilienmakler<br>(Hochschule f\u00fcr Finanzwirtschaft &amp; Management, Bonn)<\/li>\n\n\n\n<li class=\"has-nv-dark-bg-color has-text-color has-link-color wp-elements-3bb8bd4def9b90f77a73b234e5f2c986\">Diplom-Kaufmann (FH)<br>Fachhochschule Osnabr\u00fcck<\/li>\n\n\n\n<li class=\"has-nv-dark-bg-color has-text-color has-link-color wp-elements-ac7e29f40d1811846bbfd0af8116dde8\">Master of Business Administration<br>Buckinghamshire New University (GB)<\/li>\n<\/ul>\n\n\n\n<h3 class=\"wp-block-heading has-nv-dark-bg-color has-text-color has-link-color wp-elements-8d664a9865a2ee1d67f067f74d9b8b6c\">Praxiserfahrung<\/h3>\n\n\n\n<p class=\"has-nv-dark-bg-color has-text-color has-link-color wp-elements-928ef80d9af37a99bb22be1b36f8a1bc\">Als langj\u00e4hrige F\u00fchrungskraft und Gesch\u00e4ftsf\u00fchrer habe ich gelernt, Verantwortung zu \u00fcbernehmen, klare Entscheidungen zu treffen und Verhandlungen sicher zum Abschluss zu f\u00fchren. Heute setze ich diese Erfahrung pers\u00f6nlich f\u00fcr meine Kunden ein \u2013 mit einem klaren Blick f\u00fcr realistische Werte, ehrlicher Beratung und direkter Erreichbarkeit. Verl\u00e4sslichkeit, Transparenz und ein partnerschaftlicher Umgang stehen f\u00fcr mich an erster Stelle. Denn Vertrauen ist die Basis f\u00fcr jede erfolgreiche Zusammenarbeit.<\/p>\n\n\n\n<h3 class=\"wp-block-heading has-nv-dark-bg-color has-text-color has-link-color wp-elements-3aa78783212947b90b52f20170f8a78c\">T\u00e4tigkeitsschwerpunkt<\/h3>\n\n\n\n<p class=\"has-nv-dark-bg-color has-text-color has-link-color wp-elements-10e6424e452643954de792f2a486dd2b\">Der Schwerpunkt meiner T\u00e4tigkeit liegt in der Grafschaft Bentheim und der umliegenden Region. Dar\u00fcber hinaus \u00fcbernehme ich Wertermittlungen sowie ausgew\u00e4hlte Maklermandate auch \u00fcberregional.<\/p>\n<\/div>\n<\/div>\n\n\n\n<div class=\"wp-block-cover alignfull has-parallax has-border-color has-neve-link-color-border-color\" style=\"border-width:1px;min-height:450px;aspect-ratio:unset;\"><div class=\"wp-block-cover__image-background wp-image-807 size-large has-parallax\" style=\"background-position:50% 50%;background-image:url(https:\/\/landix-immobilien.de\/wp-content\/uploads\/2026\/03\/cosmin-serban-uMAuma_qiyI-unsplash-1024x731.jpg)\"><\/div><span aria-hidden=\"true\" class=\"wp-block-cover__background has-background-dim-10 has-background-dim wp-block-cover__gradient-background has-background-gradient\" style=\"background:linear-gradient(135deg,rgb(254,205,165) 0%,rgb(254,45,45) 56%,rgb(107,0,62) 100%)\"><\/span><div class=\"wp-block-cover__inner-container is-layout-constrained wp-block-cover-is-layout-constrained\">\n<p class=\"has-text-align-center has-large-font-size\"><\/p>\n<\/div><\/div>\n","protected":false},"excerpt":{"rendered":"<p>Profil Andreas G\u00fcnther Qualifikation Praxiserfahrung Als langj\u00e4hrige F\u00fchrungskraft und Gesch\u00e4ftsf\u00fchrer habe ich gelernt, Verantwortung zu \u00fcbernehmen, klare Entscheidungen zu treffen und Verhandlungen sicher zum Abschluss zu f\u00fchren. Heute setze ich diese Erfahrung pers\u00f6nlich f\u00fcr meine Kunden ein \u2013 mit einem klaren Blick f\u00fcr realistische Werte, ehrlicher Beratung und direkter Erreichbarkeit. Verl\u00e4sslichkeit, Transparenz und ein partnerschaftlicher&hellip;&nbsp;<\/p>\n","protected":false},"author":1,"featured_media":0,"parent":0,"menu_order":0,"comment_status":"closed","ping_status":"closed","template":"","meta":{"neve_meta_sidebar":"","neve_meta_container":"default","neve_meta_enable_content_width":"off","neve_meta_content_width":100,"neve_meta_title_alignment":"center","neve_meta_author_avatar":"","neve_post_elements_order":"","neve_meta_disable_header":"","neve_meta_disable_footer":"","neve_meta_disable_title":"","footnotes":""},"class_list":["post-1136","page","type-page","status-publish","hentry"],"_links":{"self":[{"href":"https:\/\/landix-immobilien.de\/home\/wp-json\/wp\/v2\/pages\/1136","targetHints":{"allow":["GET"]}}],"collection":[{"href":"https:\/\/landix-immobilien.de\/home\/wp-json\/wp\/v2\/pages"}],"about":[{"href":"https:\/\/landix-immobilien.de\/home\/wp-json\/wp\/v2\/types\/page"}],"author":[{"embeddable":true,"href":"https:\/\/landix-immobilien.de\/home\/wp-json\/wp\/v2\/users\/1"}],"replies":[{"embeddable":true,"href":"https:\/\/landix-immobilien.de\/home\/wp-json\/wp\/v2\/comments?post=1136"}],"version-history":[{"count":9,"href":"https:\/\/landix-immobilien.de\/home\/wp-json\/wp\/v2\/pages\/1136\/revisions"}],"predecessor-version":[{"id":1766,"href":"https:\/\/landix-immobilien.de\/home\/wp-json\/wp\/v2\/pages\/1136\/revisions\/1766"}],"wp:attachment":[{"href":"https:\/\/landix-immobilien.de\/home\/wp-json\/wp\/v2\/media?parent=1136"}],"curies":[{"name":"wp","href":"https:\/\/api.w.org\/{rel}","templated":true}]}}