{"id":1270,"date":"2026-03-24T15:53:32","date_gmt":"2026-03-24T14:53:32","guid":{"rendered":"https:\/\/landix-immobilien.de\/home\/?page_id=1270"},"modified":"2026-04-07T14:59:05","modified_gmt":"2026-04-07T12:59:05","slug":"immobilienbewertung","status":"publish","type":"page","link":"https:\/\/landix-immobilien.de\/home\/immobilienbewertung\/","title":{"rendered":"Immobilienbewertung"},"content":{"rendered":"\n<h3 class=\"wp-block-heading alignwide has-text-align-center\">Wertermittlungen erfolgen auf Grundlage der Immobilienwertermittlungsverordnung (ImmoWertV)<\/h3>\n\n\n\n<div class=\"wp-block-cover alignfull has-nv-dark-bg-color has-text-color has-link-color wp-elements-61c935e7bae79e5c055bea2e883ae557\" style=\"min-height:480px;aspect-ratio:unset;\"><span aria-hidden=\"true\" class=\"wp-block-cover__background has-nv-text-dark-bg-background-color has-background-dim-100 has-background-dim\"><\/span><div class=\"wp-block-cover__inner-container is-layout-constrained wp-block-cover-is-layout-constrained\">\n<div class=\"wp-block-columns alignwide are-vertically-aligned-center is-layout-flex wp-container-core-columns-is-layout-9d6595d7 wp-block-columns-is-layout-flex\">\n<div class=\"wp-block-column is-vertically-aligned-center is-layout-flow wp-block-column-is-layout-flow\">\n<h3 class=\"wp-block-heading\">Die ImmoWertV<\/h3>\n\n\n\n<p class=\"has-nv-dark-bg-color has-text-color has-link-color wp-elements-b2c5c0e00959261aeb2046b46043a943\">Die ImmoWertV regelt die anzuwendenden Bewertungsverfahren sowie die methodische Herleitung von Immobilienwerten.<\/p>\n\n\n\n<p class=\"has-nv-dark-bg-color has-text-color has-link-color wp-elements-1e479c224a5ed522c9bb5f609308fd33\">Normierte Verfahren sind:<br><br>&#8211; Ertragswertverfahren<br>&#8211; Sachwertverfahren<br>&#8211; Vergleichswertverfahren<br>&#8211; Bodenwertermittlung<\/p>\n\n\n\n<p class=\"has-nv-dark-bg-color has-text-color has-link-color wp-elements-9c13def429529ba6e955fc81a4e09f40\">Auf dieser Grundlage erfolgt die Bewertung strukturiert, transparent und marktgerecht.<\/p>\n<\/div>\n\n\n\n<div class=\"wp-block-column is-vertically-aligned-center is-layout-flow wp-block-column-is-layout-flow\"><div class=\"wp-block-image is-style-default\">\n<figure class=\"aligncenter size-full is-resized\"><img loading=\"lazy\" decoding=\"async\" width=\"2560\" height=\"1828\" src=\"https:\/\/landix-immobilien.de\/wp-content\/uploads\/2026\/03\/cosmin-serban-uMAuma_qiyI-unsplash-scaled.jpg\" alt=\"\" class=\"wp-image-807\" style=\"aspect-ratio:1.4004835471048642;width:450px;height:auto\" srcset=\"https:\/\/landix-immobilien.de\/wp-content\/uploads\/2026\/03\/cosmin-serban-uMAuma_qiyI-unsplash-scaled.jpg 2560w, https:\/\/landix-immobilien.de\/wp-content\/uploads\/2026\/03\/cosmin-serban-uMAuma_qiyI-unsplash-300x214.jpg 300w, https:\/\/landix-immobilien.de\/wp-content\/uploads\/2026\/03\/cosmin-serban-uMAuma_qiyI-unsplash-1024x731.jpg 1024w, https:\/\/landix-immobilien.de\/wp-content\/uploads\/2026\/03\/cosmin-serban-uMAuma_qiyI-unsplash-768x549.jpg 768w, https:\/\/landix-immobilien.de\/wp-content\/uploads\/2026\/03\/cosmin-serban-uMAuma_qiyI-unsplash-1536x1097.jpg 1536w, https:\/\/landix-immobilien.de\/wp-content\/uploads\/2026\/03\/cosmin-serban-uMAuma_qiyI-unsplash-2048x1463.jpg 2048w\" sizes=\"auto, (max-width: 2560px) 100vw, 2560px\" \/><\/figure>\n<\/div><\/div>\n<\/div>\n<\/div><\/div>\n\n\n\n<div class=\"wp-block-cover alignfull\"><span aria-hidden=\"true\" class=\"wp-block-cover__background has-nv-dark-bg-background-color has-background-dim-100 has-background-dim\"><\/span><div class=\"wp-block-cover__inner-container is-layout-constrained wp-block-cover-is-layout-constrained\">\n<div class=\"wp-block-columns alignwide is-layout-flex wp-container-core-columns-is-layout-9d6595d7 wp-block-columns-is-layout-flex\">\n<div class=\"wp-block-column is-vertically-aligned-center is-layout-flow wp-block-column-is-layout-flow\"><div class=\"wp-block-image\">\n<figure class=\"aligncenter size-full is-resized\"><img loading=\"lazy\" decoding=\"async\" width=\"2560\" height=\"1707\" src=\"https:\/\/landix-immobilien.de\/wp-content\/uploads\/2026\/03\/sven-mieke-fteR0e2BzKo-unsplash-scaled.jpg\" alt=\"\" class=\"wp-image-803\" style=\"aspect-ratio:1.4997367035281728;object-fit:cover;width:450px\" srcset=\"https:\/\/landix-immobilien.de\/wp-content\/uploads\/2026\/03\/sven-mieke-fteR0e2BzKo-unsplash-scaled.jpg 2560w, https:\/\/landix-immobilien.de\/wp-content\/uploads\/2026\/03\/sven-mieke-fteR0e2BzKo-unsplash-300x200.jpg 300w, https:\/\/landix-immobilien.de\/wp-content\/uploads\/2026\/03\/sven-mieke-fteR0e2BzKo-unsplash-1024x683.jpg 1024w, https:\/\/landix-immobilien.de\/wp-content\/uploads\/2026\/03\/sven-mieke-fteR0e2BzKo-unsplash-768x512.jpg 768w, https:\/\/landix-immobilien.de\/wp-content\/uploads\/2026\/03\/sven-mieke-fteR0e2BzKo-unsplash-1536x1024.jpg 1536w, https:\/\/landix-immobilien.de\/wp-content\/uploads\/2026\/03\/sven-mieke-fteR0e2BzKo-unsplash-2048x1365.jpg 2048w, https:\/\/landix-immobilien.de\/wp-content\/uploads\/2026\/03\/sven-mieke-fteR0e2BzKo-unsplash-930x620.jpg 930w\" sizes=\"auto, (max-width: 2560px) 100vw, 2560px\" \/><\/figure>\n<\/div><\/div>\n\n\n\n<div class=\"wp-block-column is-layout-flow wp-block-column-is-layout-flow\">\n<p><\/p>\n\n\n\n<h3 class=\"wp-block-heading has-nv-text-dark-bg-color has-text-color has-link-color wp-elements-71db16c842f3cc5d1fd97b029a296180\">Grundlage einer realistischen Bewertung<\/h3>\n\n\n\n<p class=\"has-nv-text-dark-bg-color has-text-color has-link-color wp-elements-3311b8eeb193244be19919792b1b0c03\">Eine professionelle Wertermittlung ber\u00fccksichtigt verschiedene Aspekte der Immobilie und des Marktes. Dazu geh\u00f6ren unter anderem:<\/p>\n\n\n\n<ul class=\"wp-block-list\">\n<li class=\"has-nv-text-dark-bg-color has-text-color has-link-color wp-elements-bb53c98d11b38ca2cef304a8cd60183d\">Lage und Mikrolage<\/li>\n\n\n\n<li class=\"has-nv-text-dark-bg-color has-text-color has-link-color wp-elements-d2b800bae1378004b2a122d75da9177b\">Zustand und Baujahr des Geb\u00e4udes<\/li>\n\n\n\n<li class=\"has-nv-text-dark-bg-color has-text-color has-link-color wp-elements-ff79ceacdd4eb4fc3b767da1073b5070\">Modernisierungen und Ausstattung<\/li>\n\n\n\n<li class=\"has-nv-text-dark-bg-color has-text-color has-link-color wp-elements-b3d6ec219696a942667a3f2dfeefb67c\">Grundst\u00fccksgr\u00f6\u00dfe und Nutzungsm\u00f6glichkeiten<\/li>\n\n\n\n<li class=\"has-nv-text-dark-bg-color has-text-color has-link-color wp-elements-fc378fad2b56f4ad9595402d3e9f7c2f\">aktuelle Marktdaten und Vergleichsobjekte<\/li>\n<\/ul>\n\n\n\n<p class=\"has-nv-text-dark-bg-color has-text-color has-link-color wp-elements-27f7a6f219f06ff2e9c6dcbb28a67c30\">Je nach Immobilientyp kommen unterschiedliche Bewertungsverfahren zur Anwendung.<\/p>\n<\/div>\n<\/div>\n<\/div><\/div>\n\n\n\n<div style=\"height:5px\" aria-hidden=\"true\" class=\"wp-block-spacer\"><\/div>\n\n\n\n<div class=\"wp-block-cover alignfull\"><span aria-hidden=\"true\" class=\"wp-block-cover__background has-nv-site-bg-background-color has-background-dim-100 has-background-dim\"><\/span><div class=\"wp-block-cover__inner-container is-layout-constrained wp-block-cover-is-layout-constrained\">\n<div class=\"wp-block-columns alignwide are-vertically-aligned-center is-layout-flex wp-container-core-columns-is-layout-abbe5815 wp-block-columns-is-layout-flex\" style=\"padding-top:0;padding-right:0;padding-bottom:0;padding-left:0\">\n<div class=\"wp-block-column is-vertically-aligned-center is-layout-flow wp-block-column-is-layout-flow\">\n<h3 class=\"wp-block-heading has-nv-dark-bg-color has-text-color has-link-color wp-elements-793dfca7362c0a87e9ab82d043a3f1ca\">Warum eine fundierte Wertermittlung wichtig ist<\/h3>\n\n\n\n<p class=\"has-nv-dark-bg-color has-text-color has-link-color wp-elements-8faeb94a6404af135bd9f57fc6434d0c\">Eine realistische Einsch\u00e4tzung des Marktwerts hilft Eigent\u00fcmern dabei,<\/p>\n\n\n\n<ul class=\"wp-block-list\">\n<li class=\"has-nv-dark-bg-color has-text-color has-link-color wp-elements-7331f4a3fc40fc7694756c8ab4dd48f1\">den tats\u00e4chlichen Marktwert ihrer Immobilie zu verstehen<\/li>\n\n\n\n<li class=\"has-nv-dark-bg-color has-text-color has-link-color wp-elements-77330700da5e3f28a7aacc3e39d3ae1a\">eine m\u00f6gliche Vermarktung realistisch vorzubereiten<\/li>\n\n\n\n<li class=\"has-nv-dark-bg-color has-text-color has-link-color wp-elements-faae8451482e5f714f3a741c78ff2a89\">Preisstrategien fundiert zu entwickeln<\/li>\n\n\n\n<li class=\"has-nv-dark-bg-color has-text-color has-link-color wp-elements-1f7bcbab32f1455217a0baa9a6184d3f\">Gespr\u00e4che mit Kaufinteressenten auf einer sachlichen Grundlage zu f\u00fchren<\/li>\n<\/ul>\n\n\n\n<p class=\"has-nv-dark-bg-color has-text-color has-link-color wp-elements-a7e12b032af9a7124605c045b72c7f0f\">Eine nachvollziehbare Bewertung schafft Klarheit und Orientierung.<\/p>\n<\/div>\n\n\n\n<div class=\"wp-block-column is-vertically-aligned-center is-layout-flow wp-block-column-is-layout-flow\"><div class=\"wp-block-image\">\n<figure class=\"aligncenter size-full is-resized\"><img loading=\"lazy\" decoding=\"async\" width=\"2560\" height=\"1920\" src=\"https:\/\/landix-immobilien.de\/wp-content\/uploads\/2026\/03\/IMG_7153-scaled.jpg\" alt=\"\" class=\"wp-image-647\" style=\"width:450px\" srcset=\"https:\/\/landix-immobilien.de\/wp-content\/uploads\/2026\/03\/IMG_7153-scaled.jpg 2560w, https:\/\/landix-immobilien.de\/wp-content\/uploads\/2026\/03\/IMG_7153-300x225.jpg 300w, https:\/\/landix-immobilien.de\/wp-content\/uploads\/2026\/03\/IMG_7153-1024x768.jpg 1024w, https:\/\/landix-immobilien.de\/wp-content\/uploads\/2026\/03\/IMG_7153-768x576.jpg 768w, https:\/\/landix-immobilien.de\/wp-content\/uploads\/2026\/03\/IMG_7153-1536x1152.jpg 1536w, https:\/\/landix-immobilien.de\/wp-content\/uploads\/2026\/03\/IMG_7153-2048x1536.jpg 2048w\" sizes=\"auto, (max-width: 2560px) 100vw, 2560px\" \/><\/figure>\n<\/div><\/div>\n<\/div>\n<\/div><\/div>\n\n\n\n<div class=\"wp-block-cover alignfull\"><span aria-hidden=\"true\" class=\"wp-block-cover__background has-nv-dark-bg-background-color has-background-dim-100 has-background-dim\"><\/span><div class=\"wp-block-cover__inner-container is-layout-constrained wp-block-cover-is-layout-constrained\">\n<div class=\"wp-block-columns alignwide is-layout-flex wp-container-core-columns-is-layout-9d6595d7 wp-block-columns-is-layout-flex\">\n<div class=\"wp-block-column is-vertically-aligned-center is-layout-flow wp-block-column-is-layout-flow\"><div class=\"wp-block-image\">\n<figure class=\"aligncenter size-full is-resized\"><img loading=\"lazy\" decoding=\"async\" width=\"2560\" height=\"1920\" src=\"https:\/\/landix-immobilien.de\/wp-content\/uploads\/2026\/03\/naomi-august-xeeoh8C8TJc-unsplash-scaled.jpg\" alt=\"\" class=\"wp-image-792\" style=\"width:450px\" srcset=\"https:\/\/landix-immobilien.de\/wp-content\/uploads\/2026\/03\/naomi-august-xeeoh8C8TJc-unsplash-scaled.jpg 2560w, https:\/\/landix-immobilien.de\/wp-content\/uploads\/2026\/03\/naomi-august-xeeoh8C8TJc-unsplash-300x225.jpg 300w, https:\/\/landix-immobilien.de\/wp-content\/uploads\/2026\/03\/naomi-august-xeeoh8C8TJc-unsplash-1024x768.jpg 1024w, https:\/\/landix-immobilien.de\/wp-content\/uploads\/2026\/03\/naomi-august-xeeoh8C8TJc-unsplash-768x576.jpg 768w, https:\/\/landix-immobilien.de\/wp-content\/uploads\/2026\/03\/naomi-august-xeeoh8C8TJc-unsplash-1536x1152.jpg 1536w, https:\/\/landix-immobilien.de\/wp-content\/uploads\/2026\/03\/naomi-august-xeeoh8C8TJc-unsplash-2048x1536.jpg 2048w\" sizes=\"auto, (max-width: 2560px) 100vw, 2560px\" \/><\/figure>\n<\/div><\/div>\n\n\n\n<div class=\"wp-block-column is-vertically-aligned-center is-layout-flow wp-block-column-is-layout-flow\">\n<h3 class=\"wp-block-heading has-nv-text-dark-bg-color has-text-color has-link-color wp-elements-9b84775cbc587080a967733b4a1310b9\">Wertermittlung als Ausgangspunkt<\/h3>\n\n\n\n<p class=\"has-nv-text-dark-bg-color has-text-color has-link-color wp-elements-5e6154b44e8379d579afd3e0274857fa\">Viele Eigent\u00fcmer lassen zun\u00e4chst den Marktwert ihrer Immobilie einsch\u00e4tzen. Aus dieser Einordnung entsteht h\u00e4ufig im weiteren Verlauf die Frage, ob ein Verkauf sinnvoll sein k\u00f6nnte.<\/p>\n\n\n\n<p class=\"has-nv-text-dark-bg-color has-text-color has-link-color wp-elements-326990535bed522c99fc5d50f279ed48\">Wird dieser Schritt in Betracht gezogen, kann auch die strukturierte und professionelle Vermarktung der Immobilie begleitet werden.<\/p>\n<\/div>\n<\/div>\n<\/div><\/div>\n\n\n\n<div class=\"wp-block-cover\"><span aria-hidden=\"true\" class=\"wp-block-cover__background has-nv-site-bg-background-color has-background-dim-100 has-background-dim\"><\/span><div class=\"wp-block-cover__inner-container is-layout-constrained wp-block-cover-is-layout-constrained\">\n<div class=\"wp-block-columns is-layout-flex wp-container-core-columns-is-layout-9d6595d7 wp-block-columns-is-layout-flex\">\n<div class=\"wp-block-column is-vertically-aligned-center is-layout-flow wp-block-column-is-layout-flow\">\n<h3 class=\"wp-block-heading has-nv-dark-bg-color has-text-color has-link-color wp-elements-16fc436c317475cd8fac1d9aa28ec690\">Einsch\u00e4tzung des Marktwerts<\/h3>\n\n\n\n<p class=\"has-nv-dark-bg-color has-text-color has-link-color wp-elements-fecac8a5aaff199e3d30eebed05aace7\">Wenn Sie den aktuellen Marktwert Ihrer Immobilie einsch\u00e4tzen m\u00f6chten, stehen wir Ihnen gerne f\u00fcr ein pers\u00f6nliches Gespr\u00e4ch zur Verf\u00fcgung.<\/p>\n\n\n\n<p class=\"has-nv-dark-bg-color has-text-color has-link-color wp-elements-03b218fcb8871b43b5229497f0aaaf92\">Die angebotene Einsch\u00e4tzung des Immobilienwertes dient der marktgerechten Orientierung und basiert auf objektspezifischen Daten sowie aktuellen Marktentwicklungen. Sie stellt kein f\u00f6rmliches Verkehrswertgutachten im Sinne der Immobilienwertermittlungsverordnung (ImmoWertV) dar. Die Einsch\u00e4tzung dient insbesondere als Grundlage f\u00fcr Verkaufsentscheidungen und die Festlegung eines marktgerechten Angebotspreises.<\/p>\n\n\n\n<p class=\"has-nv-dark-bg-color has-text-color has-link-color wp-elements-839bb4fc152edf6dfd472874404a4cb7\">Ein rechtlich verbindliches Gutachten durch einen Sachverst\u00e4ndigen wird nicht erstellt, sofern dies nicht ausdr\u00fccklich vereinbart wird.<\/p>\n<\/div>\n\n\n\n<div class=\"wp-block-column is-vertically-aligned-center is-layout-flow wp-block-column-is-layout-flow\"><div class=\"wp-block-image\">\n<figure class=\"aligncenter size-full\"><img loading=\"lazy\" decoding=\"async\" width=\"2560\" height=\"1702\" src=\"https:\/\/landix-immobilien.de\/wp-content\/uploads\/2026\/03\/ulrike-r-donohue-gfVemdTTz30-unsplash-scaled.jpg\" alt=\"\" class=\"wp-image-791\" srcset=\"https:\/\/landix-immobilien.de\/wp-content\/uploads\/2026\/03\/ulrike-r-donohue-gfVemdTTz30-unsplash-scaled.jpg 2560w, https:\/\/landix-immobilien.de\/wp-content\/uploads\/2026\/03\/ulrike-r-donohue-gfVemdTTz30-unsplash-300x199.jpg 300w, https:\/\/landix-immobilien.de\/wp-content\/uploads\/2026\/03\/ulrike-r-donohue-gfVemdTTz30-unsplash-1024x681.jpg 1024w, https:\/\/landix-immobilien.de\/wp-content\/uploads\/2026\/03\/ulrike-r-donohue-gfVemdTTz30-unsplash-768x511.jpg 768w, https:\/\/landix-immobilien.de\/wp-content\/uploads\/2026\/03\/ulrike-r-donohue-gfVemdTTz30-unsplash-1536x1021.jpg 1536w, https:\/\/landix-immobilien.de\/wp-content\/uploads\/2026\/03\/ulrike-r-donohue-gfVemdTTz30-unsplash-2048x1362.jpg 2048w\" sizes=\"auto, (max-width: 2560px) 100vw, 2560px\" \/><\/figure>\n<\/div><\/div>\n<\/div>\n<\/div><\/div>\n\n\n\n<div class=\"wp-block-cover alignfull has-parallax has-neve-text-color-color has-text-color has-link-color wp-elements-33d540e143262a032e230632cb2f3be8 wp-duotone-purple-yellow\" style=\"min-height:345px;aspect-ratio:unset;\"><div class=\"wp-block-cover__image-background wp-image-987 size-large has-parallax\" style=\"background-position:50% 50%;background-image:url(https:\/\/landix-immobilien.de\/wp-content\/uploads\/2026\/03\/daniel-mccullough-FPFq_trr2Y-unsplash-edited-1024x683.jpg)\"><\/div><span aria-hidden=\"true\" class=\"wp-block-cover__background has-nv-dark-bg-background-color has-background-dim-90 has-background-dim\"><\/span><div class=\"wp-block-cover__inner-container is-layout-constrained wp-block-cover-is-layout-constrained\">\n<div class=\"wp-block-columns alignwide is-layout-flex wp-container-core-columns-is-layout-9d6595d7 wp-block-columns-is-layout-flex\">\n<div class=\"wp-block-column is-layout-flow wp-block-column-is-layout-flow\">\n<div style=\"height:30px\" aria-hidden=\"true\" class=\"wp-block-spacer\"><\/div>\n\n\n\n<h3 class=\"wp-block-heading alignwide has-text-align-center has-nv-text-dark-bg-color has-text-color has-link-color wp-elements-7c1f29f30c7de9deadab1c77fdae0a57\">Von der Wertermittlung zur Vermarktung<\/h3>\n\n\n\n<p class=\"has-nv-text-dark-bg-color has-text-color has-link-color wp-elements-3508a0548793627fec0cd3378a2a59ec\">Viele Eigent\u00fcmer lassen zun\u00e4chst den Marktwert ihrer Immobilie ermitteln, um eine verl\u00e4ssliche Einordnung zu erhalten. Daraus ergibt sich h\u00e4ufig die Frage, ob eine Vermarktung sinnvoll sein k\u00f6nnte.<\/p>\n\n\n\n<p class=\"has-nv-text-dark-bg-color has-text-color has-link-color wp-elements-30c9f9f70ec263ddb5320384e9cdc485\">Wenn dieser Schritt in Betracht gezogen wird, bietet sich die M\u00f6glichkeit, die Immobilie strukturiert und professionell am Markt zu platzieren. Eine begleitete Vermarktung schafft dabei die notwendige Transparenz, Sicherheit und Effizienz. Von der ersten \u00dcberlegung bis zum erfolgreichen Abschluss.<\/p>\n<\/div>\n<\/div>\n<\/div><\/div>\n","protected":false},"excerpt":{"rendered":"<p>Wertermittlungen erfolgen auf Grundlage der Immobilienwertermittlungsverordnung (ImmoWertV)<\/p>\n","protected":false},"author":2,"featured_media":0,"parent":0,"menu_order":0,"comment_status":"closed","ping_status":"closed","template":"","meta":{"neve_meta_sidebar":"","neve_meta_container":"","neve_meta_enable_content_width":"on","neve_meta_content_width":94,"neve_meta_title_alignment":"","neve_meta_author_avatar":"","neve_post_elements_order":"","neve_meta_disable_header":"","neve_meta_disable_footer":"","neve_meta_disable_title":"","footnotes":""},"class_list":["post-1270","page","type-page","status-publish","hentry"],"_links":{"self":[{"href":"https:\/\/landix-immobilien.de\/home\/wp-json\/wp\/v2\/pages\/1270","targetHints":{"allow":["GET"]}}],"collection":[{"href":"https:\/\/landix-immobilien.de\/home\/wp-json\/wp\/v2\/pages"}],"about":[{"href":"https:\/\/landix-immobilien.de\/home\/wp-json\/wp\/v2\/types\/page"}],"author":[{"embeddable":true,"href":"https:\/\/landix-immobilien.de\/home\/wp-json\/wp\/v2\/users\/2"}],"replies":[{"embeddable":true,"href":"https:\/\/landix-immobilien.de\/home\/wp-json\/wp\/v2\/comments?post=1270"}],"version-history":[{"count":9,"href":"https:\/\/landix-immobilien.de\/home\/wp-json\/wp\/v2\/pages\/1270\/revisions"}],"predecessor-version":[{"id":1798,"href":"https:\/\/landix-immobilien.de\/home\/wp-json\/wp\/v2\/pages\/1270\/revisions\/1798"}],"wp:attachment":[{"href":"https:\/\/landix-immobilien.de\/home\/wp-json\/wp\/v2\/media?parent=1270"}],"curies":[{"name":"wp","href":"https:\/\/api.w.org\/{rel}","templated":true}]}}