{"id":568,"date":"2026-03-15T09:58:03","date_gmt":"2026-03-15T08:58:03","guid":{"rendered":"https:\/\/landix-immobilien.de\/home\/?page_id=568"},"modified":"2026-04-07T15:33:22","modified_gmt":"2026-04-07T13:33:22","slug":"impressum","status":"publish","type":"page","link":"https:\/\/landix-immobilien.de\/home\/impressum\/","title":{"rendered":"Impressum"},"content":{"rendered":"\n<div style=\"height:43px\" aria-hidden=\"true\" class=\"wp-block-spacer\"><\/div>\n\n\n\n<h2 class=\"wp-block-heading\">Impressum<\/h2>\n\n\n\n<p><strong>Angaben gem\u00e4\u00df \u00a7 5 DDG<\/strong><\/p>\n\n\n\n<p><strong>Landix Immobilien<\/strong><br>Inh. Andreas G\u00fcnther<br>Oppelner Stra\u00dfe 8<br>48465 Sch\u00fcttorf<br><br>Telefon: +49 5923 994030<br>Telefax: +49 5923 994031<br>Email: info@landix-immobilien.de<br><br><strong>Erlaubnis nach \u00a734c Absatz 1 Satz 1&nbsp;der Gewerbeordnung erteilt durch <br>die Industrie- und Handelskammer Osnabr\u00fcck \u2013 Emsland &#8211; Grafschaft Bentheim<\/strong><br><br><strong>Zust\u00e4ndige Aufsichtsbeh\u00f6rde<\/strong><br>Industrie- und Handelskammer Osnabr\u00fcck &#8211;<br>Emsland \u2013 Grafschaft Bentheim<br>Neuer Graben 38<br>49074 Osnabr\u00fcck<\/p>\n\n\n\n<p><strong>Umsatzsteuer-Identifikationsnummer gem\u00e4\u00df \u00a727a UStG<\/strong><br>DE458934383<\/p>\n\n\n\n<p>Wir sind nicht verpflichtet und nicht bereit, an Streitbeilegungsverfahren vor einer Verbraucherschlichtungsstelle teilzunehmen.<\/p>\n\n\n\n<p><strong>Angaben zur Berufshaftpflichtversicherung<br><\/strong>Name und Sitz des Versicherers<br>VGH Versicherungen<br>Schiffgraben 4<br>30159 Hannover<br><br>Geltungsraum ist Deutschland<\/p>\n\n\n\n<p><strong>Bildnachweise: <br><\/strong>Anne Rollero, Andreas G\u00fcnther, Unsplash<\/p>\n\n\n\n<p><strong>Haftungsausschluss:<\/strong><br><br><strong>Haftung f\u00fcr Inhalte<\/strong><br><br>Die Inhalte unserer Seiten wurden mit gr\u00f6\u00dfter Sorgfalt erstellt. F\u00fcr die Richtigkeit, Vollst\u00e4ndigkeit und Aktualit\u00e4t der Inhalte k\u00f6nnen wir jedoch keine Gew\u00e4hr \u00fcbernehmen. Als Diensteanbieter sind wir gem\u00e4\u00df \u00a7 7 Abs.1 TMG f\u00fcr eigene Inhalte auf diesen Seiten nach den allgemeinen Gesetzen verantwortlich. Nach \u00a7\u00a7 8 bis 10 TMG sind wir als Diensteanbieter jedoch nicht verpflichtet, \u00fcbermittelte oder gespeicherte fremde Informationen zu \u00fcberwachen oder nach Umst\u00e4nden zu forschen, die auf eine rechtswidrige T\u00e4tigkeit hinweisen. Verpflichtungen zur Entfernung oder Sperrung der Nutzung von Informationen nach den allgemeinen Gesetzen bleiben hiervon unber\u00fchrt. Eine diesbez\u00fcgliche Haftung ist jedoch erst ab dem Zeitpunkt der Kenntnis einer konkreten Rechtsverletzung m\u00f6glich. Bei Bekanntwerden von entsprechenden Rechtsverletzungen werden wir diese Inhalte umgehend entfernen.<br><br><strong>Haftung f\u00fcr Links<\/strong><br><br>Unser Angebot enth\u00e4lt Links zu externen Webseiten Dritter, auf deren Inhalte wir keinen Einfluss haben. Deshalb k\u00f6nnen wir f\u00fcr diese fremden Inhalte auch keine Gew\u00e4hr \u00fcbernehmen. F\u00fcr die Inhalte der verlinkten Seiten ist stets der jeweilige Anbieter oder Betreiber der Seiten verantwortlich. Die verlinkten Seiten wurden zum Zeitpunkt der Verlinkung auf m\u00f6gliche Rechtsverst\u00f6\u00dfe \u00fcberpr\u00fcft. Rechtswidrige Inhalte waren zum Zeitpunkt der Verlinkung nicht erkennbar. Eine permanente inhaltliche Kontrolle der verlinkten Seiten ist jedoch ohne konkrete Anhaltspunkte einer Rechtsverletzung nicht zumutbar. Bei Bekanntwerden von Rechtsverletzungen werden wir derartige Links umgehend entfernen.<br><br><strong>Urheberrecht<\/strong><br><br>Die durch die Seitenbetreiber erstellten Inhalte und Werke auf diesen Seiten unterliegen dem deutschen Urheberrecht. Die Vervielf\u00e4ltigung, Bearbeitung, Verbreitung und jede Art der Verwertung au\u00dferhalb der Grenzen des Urheberrechtes bed\u00fcrfen der schriftlichen Zustimmung des jeweiligen Autors bzw. Erstellers. Downloads und Kopien dieser Seite sind nur f\u00fcr den privaten, nicht kommerziellen Gebrauch gestattet. Soweit die Inhalte auf dieser Seite nicht vom Betreiber erstellt wurden, werden die Urheberrechte Dritter beachtet. Insbesondere werden Inhalte Dritter als solche gekennzeichnet. Sollten Sie trotzdem auf eine Urheberrechtsverletzung aufmerksam werden, bitten wir um einen entsprechenden Hinweis. Bei Bekanntwerden von Rechtsverletzungen werden wir derartige Inhalte umgehend entfernen.<br><br><strong>Datenschutz<\/strong><br><br>Die Nutzung unserer Webseite ist in der Regel ohne Angabe personenbezogener Daten m\u00f6glich. Soweit auf unseren Seiten personenbezogene Daten (beispielsweise Name, Anschrift oder eMail-Adressen) erhoben werden, erfolgt dies, soweit m\u00f6glich, stets auf freiwilliger Basis. Diese Daten werden ohne Ihre ausdr\u00fcckliche Zustimmung nicht an Dritte weitergegeben.<br>Wir weisen darauf hin, dass die Daten\u00fcbertragung im Internet (z.B. bei der Kommunikation per E-Mail) Sicherheitsl\u00fccken aufweisen kann. Ein l\u00fcckenloser Schutz der Daten vor dem Zugriff durch Dritte ist nicht m\u00f6glich.<br>Der Nutzung von im Rahmen der Impressumspflicht ver\u00f6ffentlichten Kontaktdaten durch Dritte zur \u00dcbersendung von nicht ausdr\u00fccklich angeforderter Werbung und Informationsmaterialien wird hiermit ausdr\u00fccklich widersprochen. Die Betreiber der Seiten behalten sich ausdr\u00fccklich rechtliche Schritte im Falle der unverlangten Zusendung von Werbeinformationen, etwa durch Spam-Mails, vor.<\/p>\n\n\n\n<p>Bei der Nutzung von OneDrive, einem Cloud-Dienst der Microsoft Corporation, werden personenbezogene Daten verarbeitet. Die Speicherung der Daten erfolgt grunds\u00e4tzlich in Rechenzentren innerhalb der Europ\u00e4ischen Union. Microsoft ist jedoch ein Unternehmen mit Sitz in den USA, sodass ein Zugriff auf Daten durch Stellen in Drittstaaten nicht vollst\u00e4ndig ausgeschlossen werden kann. Insbesondere im Rahmen von Support- und Wartungsleistungen sowie durch gesetzliche Verpflichtungen kann es zu Daten\u00fcbermittlungen in die USA kommen. Microsoft ist nach dem EU-US Data Privacy Framework zertifiziert und verpflichtet sich zur Einhaltung der europ\u00e4ischen Datenschutzstandards. Zudem wurden mit Microsoft Standardvertragsklauseln gem\u00e4\u00df Art. 46 DSGVO abgeschlossen, um ein angemessenes Datenschutzniveau sicherzustellen. Weitere Informationen zur Datenverarbeitung durch Microsoft finden Sie unter:<br><a href=\"https:\/\/privacy.microsoft.com\/de-de\/privacystatement\">https:\/\/privacy.microsoft.com\/de-de\/privacystatement<\/a><\/p>\n\n\n\n<p><\/p>\n","protected":false},"excerpt":{"rendered":"<p>Impressum Angaben gem\u00e4\u00df \u00a7 5 DDG Landix ImmobilienInh. Andreas G\u00fcntherOppelner Stra\u00dfe 848465 Sch\u00fcttorf Telefon: +49 5923 994030Telefax: +49 5923 994031Email: info@landix-immobilien.de Erlaubnis nach \u00a734c Absatz 1 Satz 1&nbsp;der Gewerbeordnung erteilt durch die Industrie- und Handelskammer Osnabr\u00fcck \u2013 Emsland &#8211; Grafschaft Bentheim Zust\u00e4ndige Aufsichtsbeh\u00f6rdeIndustrie- und Handelskammer Osnabr\u00fcck &#8211;Emsland \u2013 Grafschaft BentheimNeuer Graben 3849074 Osnabr\u00fcck Umsatzsteuer-Identifikationsnummer gem\u00e4\u00df&hellip;&nbsp;<\/p>\n","protected":false},"author":2,"featured_media":0,"parent":0,"menu_order":0,"comment_status":"closed","ping_status":"closed","template":"","meta":{"neve_meta_sidebar":"","neve_meta_container":"","neve_meta_enable_content_width":"","neve_meta_content_width":0,"neve_meta_title_alignment":"","neve_meta_author_avatar":"","neve_post_elements_order":"","neve_meta_disable_header":"","neve_meta_disable_footer":"","neve_meta_disable_title":"","footnotes":""},"class_list":["post-568","page","type-page","status-publish","hentry"],"_links":{"self":[{"href":"https:\/\/landix-immobilien.de\/home\/wp-json\/wp\/v2\/pages\/568","targetHints":{"allow":["GET"]}}],"collection":[{"href":"https:\/\/landix-immobilien.de\/home\/wp-json\/wp\/v2\/pages"}],"about":[{"href":"https:\/\/landix-immobilien.de\/home\/wp-json\/wp\/v2\/types\/page"}],"author":[{"embeddable":true,"href":"https:\/\/landix-immobilien.de\/home\/wp-json\/wp\/v2\/users\/2"}],"replies":[{"embeddable":true,"href":"https:\/\/landix-immobilien.de\/home\/wp-json\/wp\/v2\/comments?post=568"}],"version-history":[{"count":9,"href":"https:\/\/landix-immobilien.de\/home\/wp-json\/wp\/v2\/pages\/568\/revisions"}],"predecessor-version":[{"id":1804,"href":"https:\/\/landix-immobilien.de\/home\/wp-json\/wp\/v2\/pages\/568\/revisions\/1804"}],"wp:attachment":[{"href":"https:\/\/landix-immobilien.de\/home\/wp-json\/wp\/v2\/media?parent=568"}],"curies":[{"name":"wp","href":"https:\/\/api.w.org\/{rel}","templated":true}]}}