{"id":587,"date":"2026-03-15T10:16:11","date_gmt":"2026-03-15T09:16:11","guid":{"rendered":"https:\/\/landix-immobilien.de\/home\/?page_id=587"},"modified":"2026-04-07T14:45:35","modified_gmt":"2026-04-07T12:45:35","slug":"datenschutzerklaerung","status":"publish","type":"page","link":"https:\/\/landix-immobilien.de\/home\/datenschutzerklaerung\/","title":{"rendered":"Datenschutzerkl\u00e4rung"},"content":{"rendered":"\n<div style=\"height:43px\" aria-hidden=\"true\" class=\"wp-block-spacer\"><\/div>\n\n\n\n<h2 class=\"wp-block-heading has-nv-dark-bg-color has-text-color has-link-color wp-elements-7978dcf4fa3c148a51428729603e31fe\">Datenschutzerkl\u00e4rung<\/h2>\n\n\n\n<h3 class=\"wp-block-heading has-nv-dark-bg-color has-text-color has-link-color wp-elements-a352eae3b33fcb50fcbea4b0eee0d294\">1. Verantwortlicher<\/h3>\n\n\n\n<p class=\"has-nv-dark-bg-color has-text-color has-link-color wp-elements-928dfb876ba599fea4f103f7ced7c70e\">Landix Immobilien<br>Inh. Andreas G\u00fcnther<br>Oppelner Stra\u00dfe 8<br>48465 Sch\u00fcttorf<\/p>\n\n\n\n<p class=\"has-nv-dark-bg-color has-text-color has-link-color wp-elements-1307d5302e0929185698de9b11fd4810\">Telefon: +49 5923 994030<br>E-Mail: <a href=\"mailto:info@landix-immobilien.de\">info@landix-immobilien.de<\/a><\/p>\n\n\n\n<hr class=\"wp-block-separator has-text-color has-nv-dark-bg-color has-alpha-channel-opacity has-nv-dark-bg-background-color has-background\"\/>\n\n\n\n<h3 class=\"wp-block-heading has-nv-dark-bg-color has-text-color has-link-color wp-elements-b8b128b5f5870c86a0ad9e041d39e098\">2. Allgemeine Hinweise zur Datenverarbeitung<\/h3>\n\n\n\n<p class=\"has-nv-dark-bg-color has-text-color has-link-color wp-elements-e356029c0133423c7513a88ac5393724\">Wir verarbeiten personenbezogene Daten nur, soweit dies zur Bereitstellung einer funktionsf\u00e4higen Website sowie zur Bearbeitung von Anfragen erforderlich ist.<\/p>\n\n\n\n<p class=\"has-nv-dark-bg-color has-text-color has-link-color wp-elements-d83269f3d3b5d0c6ddbb714050dea11a\">Personenbezogene Daten sind alle Informationen, die sich auf eine identifizierte oder identifizierbare Person beziehen.<\/p>\n\n\n\n<hr class=\"wp-block-separator has-text-color has-nv-dark-bg-color has-alpha-channel-opacity has-nv-dark-bg-background-color has-background\"\/>\n\n\n\n<h3 class=\"wp-block-heading has-nv-dark-bg-color has-text-color has-link-color wp-elements-9cab9e5df0f82d594a38b77e10a7c28c\">3. Hosting und Server-Logfiles<\/h3>\n\n\n\n<p class=\"has-nv-dark-bg-color has-text-color has-link-color wp-elements-77c5cde4eb5a44bedcba11330126fec1\">Beim Aufruf unserer Website werden automatisch Informationen durch den Hosting-Provider erfasst und in sogenannten Server-Logfiles gespeichert. Dies sind insbesondere:<\/p>\n\n\n\n<ul class=\"wp-block-list\">\n<li class=\"has-nv-dark-bg-color has-text-color has-link-color wp-elements-3390cb2c55210e7ae398f225a7604967\">IP-Adresse (gek\u00fcrzt\/anonymisiert, soweit m\u00f6glich)<\/li>\n\n\n\n<li class=\"has-nv-dark-bg-color has-text-color has-link-color wp-elements-401362c22b9c081822e93b4b211123b0\">Datum und Uhrzeit des Zugriffs<\/li>\n\n\n\n<li class=\"has-nv-dark-bg-color has-text-color has-link-color wp-elements-8a3066786d7a179a1dbe98f2be9ecb25\">aufgerufene Seiten \/ Dateien<\/li>\n\n\n\n<li class=\"has-nv-dark-bg-color has-text-color has-link-color wp-elements-e193911b455a69d79098e268496ee712\">Browsertyp und -version<\/li>\n\n\n\n<li class=\"has-nv-dark-bg-color has-text-color has-link-color wp-elements-39775f64914b56e356ee5bca0f77906f\">verwendetes Betriebssystem<\/li>\n\n\n\n<li class=\"has-nv-dark-bg-color has-text-color has-link-color wp-elements-59d184578b45b7f6fabda78c1a0ec04b\">Referrer-URL<\/li>\n<\/ul>\n\n\n\n<p class=\"has-nv-dark-bg-color has-text-color has-link-color wp-elements-d7d20d3fda6b50956df1467f30427468\">Die Verarbeitung erfolgt zur Sicherstellung des technischen Betriebs, zur Fehleranalyse sowie zur Gew\u00e4hrleistung der Systemsicherheit.<\/p>\n\n\n\n<p class=\"has-nv-dark-bg-color has-text-color has-link-color wp-elements-8e948541b17311e5fae91f326c46bfdb\">Rechtsgrundlage ist Art. 6 Abs. 1 lit. f DSGVO.<\/p>\n\n\n\n<hr class=\"wp-block-separator has-alpha-channel-opacity\"\/>\n\n\n\n<h3 class=\"wp-block-heading has-nv-dark-bg-color has-text-color has-link-color wp-elements-1a7323cde5fe1bcffb47b10ae5c3698a\">4. Cookies und Consent-Management<\/h3>\n\n\n\n<p class=\"has-nv-dark-bg-color has-text-color has-link-color wp-elements-e186d3b463cc8a33be3f122b34245f70\">Unsere Website verwendet ein Consent-Tool zur Steuerung von Cookies und \u00e4hnlichen Technologien.<\/p>\n\n\n\n<p class=\"has-nv-dark-bg-color has-text-color has-link-color wp-elements-275364c69b53ed7bf9e753cb87995632\">Technisch notwendige Cookies werden auf Grundlage von Art. 6 Abs. 1 lit. f DSGVO gesetzt.<\/p>\n\n\n\n<p class=\"has-nv-dark-bg-color has-text-color has-link-color wp-elements-8de3fcd716205b5b6caff8b764ce0c92\">Sofern dar\u00fcber hinaus Cookies oder externe Inhalte eingesetzt werden, erfolgt dies nur nach Ihrer Einwilligung gem\u00e4\u00df Art. 6 Abs. 1 lit. a DSGVO.<\/p>\n\n\n\n<p class=\"has-nv-dark-bg-color has-text-color has-link-color wp-elements-c43d1f7bb2fa4752bfde7c5f55ad5ddf\">Unsere Website verwendet derzeit ausschlie\u00dflich technisch notwendige Cookies, die f\u00fcr den Betrieb der Website erforderlich sind.<\/p>\n\n\n\n<p class=\"has-nv-dark-bg-color has-text-color has-link-color wp-elements-91972ff0d75fd4e370f0be7fbb16c602\">Eine Einwilligung ist hierf\u00fcr nicht erforderlich.<\/p>\n\n\n\n<p class=\"has-nv-dark-bg-color has-text-color has-link-color wp-elements-af01c0adec25b44bc3c8978c8585ffe6\">Sofern zuk\u00fcnftig dar\u00fcber hinausgehende Cookies oder externe Inhalte eingesetzt werden, erfolgt dies nur nach Ihrer Einwilligung gem\u00e4\u00df Art. 6 Abs. 1 lit. a DSGVO.<\/p>\n\n\n\n<hr class=\"wp-block-separator has-alpha-channel-opacity\"\/>\n\n\n\n<h3 class=\"wp-block-heading has-nv-dark-bg-color has-text-color has-link-color wp-elements-27bfe91186f42909c187d52b50998f97\">5. Kontaktaufnahme<\/h3>\n\n\n\n<p class=\"has-nv-dark-bg-color has-text-color has-link-color wp-elements-a15f139980e572770e60408ec2b90c6f\">Wenn Sie mit uns Kontakt aufnehmen (z. B. per E-Mail oder Telefon), werden die von Ihnen \u00fcbermittelten Daten verarbeitet, um Ihre Anfrage zu bearbeiten.<\/p>\n\n\n\n<p class=\"has-nv-dark-bg-color has-text-color has-link-color wp-elements-49089bb349067403b649d02c94e89fea\">Verarbeitet werden insbesondere:<\/p>\n\n\n\n<ul class=\"wp-block-list\">\n<li class=\"has-nv-dark-bg-color has-text-color has-link-color wp-elements-25c97a3ea98aed9f13c820a206a7b18b\">Name<\/li>\n\n\n\n<li class=\"has-nv-dark-bg-color has-text-color has-link-color wp-elements-42a8b1adeb09a5e42699b3cb87b5f619\">Kontaktdaten<\/li>\n\n\n\n<li class=\"has-nv-dark-bg-color has-text-color has-link-color wp-elements-d6c15b6b2dadf72e69ef4b3a89e9958e\">Inhalt der Anfrage<\/li>\n<\/ul>\n\n\n\n<p class=\"has-nv-dark-bg-color has-text-color has-link-color wp-elements-e8463d98464e1ec3470b6f3a89d4f421\">Die Verarbeitung erfolgt zur Durchf\u00fchrung vorvertraglicher Ma\u00dfnahmen oder zur Beantwortung Ihrer Anfrage gem\u00e4\u00df Art. 6 Abs. 1 lit. b DSGVO.<\/p>\n\n\n\n<hr class=\"wp-block-separator has-alpha-channel-opacity\"\/>\n\n\n\n<h3 class=\"wp-block-heading has-nv-dark-bg-color has-text-color has-link-color wp-elements-27fa98a937925bf851969071fd2e6596\">6. Kontaktaufnahme \u00fcber WhatsApp<\/h3>\n\n\n\n<p class=\"has-nv-dark-bg-color has-text-color has-link-color wp-elements-6ebd8f09575dd11b6f10935758e0903b\">Wir bieten die M\u00f6glichkeit, mit uns \u00fcber den Messaging-Dienst WhatsApp Kontakt aufzunehmen.<\/p>\n\n\n\n<p class=\"has-nv-dark-bg-color has-text-color has-link-color wp-elements-c349e6a06ebf6df30b676dab74fc20fb\">Anbieter ist WhatsApp Ireland Limited, Dublin, Irland.<\/p>\n\n\n\n<p class=\"has-nv-dark-bg-color has-text-color has-link-color wp-elements-0410baf39e1a2c94cd27883744f2d1ed\">Wenn Sie diesen Kommunikationsweg nutzen, werden insbesondere Ihre Mobilfunknummer sowie die Inhalte der Kommunikation verarbeitet.<\/p>\n\n\n\n<p class=\"has-nv-dark-bg-color has-text-color has-link-color wp-elements-8725d599dbcc1ce8db0405a35fc33b0c\">Bitte beachten Sie, dass bei der Nutzung von WhatsApp Daten auch an Server des Anbieters \u00fcbermittelt werden k\u00f6nnen. Auf diese Datenverarbeitung haben wir keinen Einfluss.<\/p>\n\n\n\n<p class=\"has-nv-dark-bg-color has-text-color has-link-color wp-elements-2a81ab0691cdbad8a6eac56c78fd82a7\">Die Nutzung erfolgt freiwillig.<\/p>\n\n\n\n<p class=\"has-nv-dark-bg-color has-text-color has-link-color wp-elements-56a29ee34ccd5c0c8018d316fd0e1f6b\">Rechtsgrundlage ist Art. 6 Abs. 1 lit. a DSGVO (Einwilligung) bzw. Art. 6 Abs. 1 lit. b DSGVO bei vertragsbezogenen Anfragen.<\/p>\n\n\n\n<hr class=\"wp-block-separator has-alpha-channel-opacity\"\/>\n\n\n\n<h3 class=\"wp-block-heading has-nv-dark-bg-color has-text-color has-link-color wp-elements-1717c57d96ff28d613cd74173d696d74\">7. Eingebettete Inhalte und externe Immobilienportale<\/h3>\n\n\n\n<p class=\"has-nv-dark-bg-color has-text-color has-link-color wp-elements-85ad7a58734b6a000e25baf8926e2396\">Auf unserer Website k\u00f6nnen Inhalte von Drittanbietern eingebunden werden, insbesondere Immobilienangebote \u00fcber externe Immobilienportale.<\/p>\n\n\n\n<p class=\"has-nv-dark-bg-color has-text-color has-link-color wp-elements-8324c8d39368156e270b86814025ddbf\">Wenn Sie eine Seite mit eingebetteten Inhalten aufrufen (z. B. \u00fcber ein iFrame), wird eine Verbindung zu den Servern des jeweiligen Anbieters hergestellt. Dabei k\u00f6nnen insbesondere Ihre IP-Adresse sowie technische Informationen \u00fcbermittelt werden.<\/p>\n\n\n\n<p class=\"has-nv-dark-bg-color has-text-color has-link-color wp-elements-001a6e03dcd88ceed4a8533048685e26\">Die Einbindung solcher Inhalte erfolgt nur nach Ihrer Einwilligung \u00fcber das Consent-Tool (Art. 6 Abs. 1 lit. a DSGVO).<\/p>\n\n\n\n<p class=\"has-nv-dark-bg-color has-text-color has-link-color wp-elements-47b4557a9fd1c60ed79512b3c446dcd0\">Alternativ kann eine Weiterleitung auf externe Websites erfolgen.<\/p>\n\n\n\n<p class=\"has-nv-dark-bg-color has-text-color has-link-color wp-elements-8c02e0e7430d59479ccfb23a58ea9444\">Weitere Informationen zur Datenverarbeitung finden Sie in den Datenschutzerkl\u00e4rungen der jeweiligen Anbieter.<\/p>\n\n\n\n<hr class=\"wp-block-separator has-alpha-channel-opacity\"\/>\n\n\n\n<h3 class=\"wp-block-heading has-nv-dark-bg-color has-text-color has-link-color wp-elements-f05fa192f3a8ebafb3d46f884bdfe5c5\">8. Empf\u00e4nger von Daten<\/h3>\n\n\n\n<p class=\"has-nv-dark-bg-color has-text-color has-link-color wp-elements-1c642f536f1d536df9f4947fee4b9f72\">Personenbezogene Daten werden nur dann an Dritte weitergegeben, wenn dies erforderlich ist.<\/p>\n\n\n\n<p class=\"has-nv-dark-bg-color has-text-color has-link-color wp-elements-fb74e9f5d13010bb8faf4b126b9ca8a0\">Empf\u00e4nger k\u00f6nnen insbesondere sein:<\/p>\n\n\n\n<ul class=\"wp-block-list\">\n<li class=\"has-nv-dark-bg-color has-text-color has-link-color wp-elements-81dec14843b15e229d3facb8cf5e7dea\">Hosting-Provider<\/li>\n\n\n\n<li class=\"has-nv-dark-bg-color has-text-color has-link-color wp-elements-9d672e42237a299eebcfdf51bfb6bb9e\">IT-Dienstleister<\/li>\n\n\n\n<li class=\"has-nv-dark-bg-color has-text-color has-link-color wp-elements-b1c90ba9fb7aa4f82c1314d24ce8e603\">Kommunikationsdienstleister<\/li>\n<\/ul>\n\n\n\n<p class=\"has-nv-dark-bg-color has-text-color has-link-color wp-elements-69294c4faeb1fae81b04b9201fdcb3af\">Eine Weitergabe erfolgt nur im Rahmen der gesetzlichen Vorgaben.<\/p>\n\n\n\n<hr class=\"wp-block-separator has-alpha-channel-opacity\"\/>\n\n\n\n<h3 class=\"wp-block-heading has-nv-dark-bg-color has-text-color has-link-color wp-elements-75dfbbd557cca241d7ca6f28313d2fe3\">9. Speicherdauer<\/h3>\n\n\n\n<p class=\"has-nv-dark-bg-color has-text-color has-link-color wp-elements-2f3a509fcd47f9165c9b5e1598ec7c6f\">Personenbezogene Daten werden nur so lange gespeichert, wie dies f\u00fcr den jeweiligen Zweck erforderlich ist.<\/p>\n\n\n\n<p class=\"has-nv-dark-bg-color has-text-color has-link-color wp-elements-a9325432404e1a4cba0c06b40f021abe\">Gesetzliche Aufbewahrungsfristen bleiben unber\u00fchrt.<\/p>\n\n\n\n<hr class=\"wp-block-separator has-alpha-channel-opacity\"\/>\n\n\n\n<h3 class=\"wp-block-heading has-nv-dark-bg-color has-text-color has-link-color wp-elements-abd1d49a30d3ae56f2498a33a2283021\">10. Ihre Rechte<\/h3>\n\n\n\n<p class=\"has-nv-dark-bg-color has-text-color has-link-color wp-elements-1fe83e22229b40eb21fe16fc7f492a14\">Sie haben folgende Rechte:<\/p>\n\n\n\n<ul class=\"wp-block-list\">\n<li class=\"has-nv-dark-bg-color has-text-color has-link-color wp-elements-93c7b57226872e233db9b6283e00b1a9\">Auskunft (Art. 15 DSGVO)<\/li>\n\n\n\n<li class=\"has-nv-dark-bg-color has-text-color has-link-color wp-elements-ce75d494be1930a4f19bfa7d31630d31\">Berichtigung (Art. 16 DSGVO)<\/li>\n\n\n\n<li class=\"has-nv-dark-bg-color has-text-color has-link-color wp-elements-13b992ec724d4a9aa97831dc99fdd05d\">L\u00f6schung (Art. 17 DSGVO)<\/li>\n\n\n\n<li class=\"has-nv-dark-bg-color has-text-color has-link-color wp-elements-df0a636d68870b5f39dbf78b0b22a5f5\">Einschr\u00e4nkung der Verarbeitung (Art. 18 DSGVO)<\/li>\n\n\n\n<li class=\"has-nv-dark-bg-color has-text-color has-link-color wp-elements-987e5fae3b13ded89839e56a35555282\">Daten\u00fcbertragbarkeit (Art. 20 DSGVO)<\/li>\n\n\n\n<li class=\"has-nv-dark-bg-color has-text-color has-link-color wp-elements-9a46b931bef175f7cdea6b3fee2f6a94\">Widerspruch (Art. 21 DSGVO)<\/li>\n<\/ul>\n\n\n\n<hr class=\"wp-block-separator has-alpha-channel-opacity\"\/>\n\n\n\n<h3 class=\"wp-block-heading has-nv-dark-bg-color has-text-color has-link-color wp-elements-2e6254a21408ef190e73ed799e190848\">11. Beschwerderecht<\/h3>\n\n\n\n<p class=\"has-nv-dark-bg-color has-text-color has-link-color wp-elements-19738dbd5e528f29e82e743d11af029f\">Sie haben das Recht, sich bei einer Datenschutzaufsichtsbeh\u00f6rde zu beschweren.<\/p>\n\n\n\n<p class=\"has-nv-dark-bg-color has-text-color has-link-color wp-elements-0b6813740934c6b6a4f7ce28a09327a5\">Zust\u00e4ndig ist beispielsweise:<\/p>\n\n\n\n<p class=\"has-nv-dark-bg-color has-text-color has-link-color wp-elements-8e2b60c668b583e4eeae90839e6f91a7\">Der Landesbeauftragte f\u00fcr den Datenschutz Niedersachsen<br>Prinzenstra\u00dfe 5<br>30159 Hannover<\/p>\n\n\n\n<hr class=\"wp-block-separator has-alpha-channel-opacity\"\/>\n\n\n\n<h3 class=\"wp-block-heading has-nv-dark-bg-color has-text-color has-link-color wp-elements-1a836e480b4817bb97d7ad524d89bebf\">12. Aktualit\u00e4t und \u00c4nderung<\/h3>\n\n\n\n<p class=\"has-nv-dark-bg-color has-text-color has-link-color wp-elements-b16ba88a3ee6172630fad22a239c3628\">Wir behalten uns vor, diese Datenschutzerkl\u00e4rung bei Bedarf anzupassen.<\/p>\n\n\n\n<h2 class=\"wp-block-heading has-nv-dark-bg-color has-text-color has-link-color wp-elements-afb1bc2a3c2ab93e861022a716597add\">Hinweispflicht zur Speicherung der Daten<\/h2>\n\n\n\n<p><\/p>\n\n\n\n<p><\/p>\n\n\n\n<p class=\"has-nv-dark-bg-color has-text-color has-link-color wp-elements-cddc0896ac90135bff4231d2c731d2bd\">Zur internen Organisation und Speicherung von Dokumenten nutzen wir Cloud-Dienste wie Microsoft OneDrive.<\/p>\n\n\n\n<p class=\"has-nv-dark-bg-color has-text-color has-link-color wp-elements-43e83d56a949c74a3252965fc6f1a3e4\">Dabei k\u00f6nnen personenbezogene Daten verarbeitet werden. Die Speicherung erfolgt grunds\u00e4tzlich innerhalb der Europ\u00e4ischen Union. Ein Zugriff durch den Anbieter kann im Einzelfall nicht ausgeschlossen werden.<\/p>\n\n\n\n<p class=\"has-nv-dark-bg-color has-text-color has-link-color wp-elements-78291148bdc829f118d68d7be91626ce\">Die Nutzung erfolgt auf Grundlage von Art. 6 Abs. 1 lit. b DSGVO zur Durchf\u00fchrung vorvertraglicher Ma\u00dfnahmen bzw. zur Vertragserf\u00fcllung sowie auf Grundlage von Art. 6 Abs. 1 lit. f DSGVO.<\/p>\n\n\n\n<p><\/p>\n","protected":false},"excerpt":{"rendered":"<p>Datenschutzerkl\u00e4rung 1. Verantwortlicher Landix ImmobilienInh. Andreas G\u00fcntherOppelner Stra\u00dfe 848465 Sch\u00fcttorf Telefon: +49 5923 994030E-Mail: info@landix-immobilien.de 2. Allgemeine Hinweise zur Datenverarbeitung Wir verarbeiten personenbezogene Daten nur, soweit dies zur Bereitstellung einer funktionsf\u00e4higen Website sowie zur Bearbeitung von Anfragen erforderlich ist. Personenbezogene Daten sind alle Informationen, die sich auf eine identifizierte oder identifizierbare Person beziehen. 3. Hosting&hellip;&nbsp;<\/p>\n","protected":false},"author":2,"featured_media":0,"parent":0,"menu_order":0,"comment_status":"closed","ping_status":"closed","template":"","meta":{"neve_meta_sidebar":"","neve_meta_container":"","neve_meta_enable_content_width":"","neve_meta_content_width":0,"neve_meta_title_alignment":"","neve_meta_author_avatar":"","neve_post_elements_order":"","neve_meta_disable_header":"","neve_meta_disable_footer":"","neve_meta_disable_title":"","footnotes":""},"class_list":["post-587","page","type-page","status-publish","hentry"],"_links":{"self":[{"href":"https:\/\/landix-immobilien.de\/home\/wp-json\/wp\/v2\/pages\/587","targetHints":{"allow":["GET"]}}],"collection":[{"href":"https:\/\/landix-immobilien.de\/home\/wp-json\/wp\/v2\/pages"}],"about":[{"href":"https:\/\/landix-immobilien.de\/home\/wp-json\/wp\/v2\/types\/page"}],"author":[{"embeddable":true,"href":"https:\/\/landix-immobilien.de\/home\/wp-json\/wp\/v2\/users\/2"}],"replies":[{"embeddable":true,"href":"https:\/\/landix-immobilien.de\/home\/wp-json\/wp\/v2\/comments?post=587"}],"version-history":[{"count":10,"href":"https:\/\/landix-immobilien.de\/home\/wp-json\/wp\/v2\/pages\/587\/revisions"}],"predecessor-version":[{"id":1785,"href":"https:\/\/landix-immobilien.de\/home\/wp-json\/wp\/v2\/pages\/587\/revisions\/1785"}],"wp:attachment":[{"href":"https:\/\/landix-immobilien.de\/home\/wp-json\/wp\/v2\/media?parent=587"}],"curies":[{"name":"wp","href":"https:\/\/api.w.org\/{rel}","templated":true}]}}